{"id":643,"date":"2025-04-08T10:13:19","date_gmt":"2025-04-08T08:13:19","guid":{"rendered":"https:\/\/www.haciendacavanilles.com\/?page_id=643"},"modified":"2025-04-08T10:22:55","modified_gmt":"2025-04-08T08:22:55","slug":"historia","status":"publish","type":"page","link":"https:\/\/www.haciendacavanilles.com\/en\/historia\/","title":{"rendered":"History"},"content":{"rendered":"<div data-elementor-type=\"wp-page\" data-elementor-id=\"643\" class=\"elementor elementor-643\" data-elementor-post-type=\"page\">\n\t\t\t\t\t\t<section class=\"elementor-section elementor-top-section elementor-element elementor-element-6db23b65 elementor-section-boxed elementor-section-height-default elementor-section-height-default\" data-id=\"6db23b65\" data-element_type=\"section\" data-e-type=\"section\" data-settings=\"{&quot;background_background&quot;:&quot;classic&quot;}\">\n\t\t\t\t\t\t\t<div class=\"elementor-background-overlay\"><\/div>\n\t\t\t\t\t\t\t<div class=\"elementor-container elementor-column-gap-default\">\n\t\t\t\t\t<div class=\"elementor-column elementor-col-100 elementor-top-column elementor-element elementor-element-7023d24f\" data-id=\"7023d24f\" data-element_type=\"column\" data-e-type=\"column\">\n\t\t\t<div class=\"elementor-widget-wrap elementor-element-populated\">\n\t\t\t\t\t\t<div class=\"elementor-element elementor-element-3cdf931e elementor-widget elementor-widget-heading\" data-id=\"3cdf931e\" data-element_type=\"widget\" data-e-type=\"widget\" data-widget_type=\"heading.default\">\n\t\t\t\t<div class=\"elementor-widget-container\">\n\t\t\t\t\t<h1 class=\"elementor-heading-title elementor-size-default\">History<\/h1>\t\t\t\t<\/div>\n\t\t\t\t<\/div>\n\t\t\t\t\t<\/div>\n\t\t<\/div>\n\t\t\t\t\t<\/div>\n\t\t<\/section>\n\t\t\t\t<section class=\"elementor-section elementor-top-section elementor-element elementor-element-5e6b3a29 elementor-section-boxed elementor-section-height-default elementor-section-height-default\" data-id=\"5e6b3a29\" data-element_type=\"section\" data-e-type=\"section\" data-settings=\"{&quot;background_background&quot;:&quot;classic&quot;}\">\n\t\t\t\t\t\t\t<div class=\"elementor-background-overlay\"><\/div>\n\t\t\t\t\t\t\t<div class=\"elementor-container elementor-column-gap-default\">\n\t\t\t\t\t<div class=\"elementor-column elementor-col-50 elementor-top-column elementor-element elementor-element-76746ed2\" data-id=\"76746ed2\" data-element_type=\"column\" data-e-type=\"column\">\n\t\t\t<div class=\"elementor-widget-wrap elementor-element-populated\">\n\t\t\t\t\t\t<div class=\"elementor-element elementor-element-27d00c99 elementor-widget elementor-widget-image\" data-id=\"27d00c99\" data-element_type=\"widget\" data-e-type=\"widget\" data-widget_type=\"image.default\">\n\t\t\t\t<div class=\"elementor-widget-container\">\n\t\t\t\t\t\t\t\t\t\t\t\t\t\t\t<img fetchpriority=\"high\" decoding=\"async\" width=\"768\" height=\"1024\" src=\"https:\/\/www.haciendacavanilles.com\/wp-content\/uploads\/2025\/04\/WhatsApp-Image-2025-03-18-at-17.23.35-2-768x1024.jpeg\" class=\"attachment-large size-large wp-image-624\" alt=\"CAVANILLES ESTATE\" srcset=\"https:\/\/www.haciendacavanilles.com\/wp-content\/uploads\/2025\/04\/WhatsApp-Image-2025-03-18-at-17.23.35-2-768x1024.jpeg.webp 768w, https:\/\/www.haciendacavanilles.com\/wp-content\/uploads\/2025\/04\/WhatsApp-Image-2025-03-18-at-17.23.35-2-225x300.jpeg.webp 225w, https:\/\/www.haciendacavanilles.com\/wp-content\/uploads\/2025\/04\/WhatsApp-Image-2025-03-18-at-17.23.35-2-1152x1536.jpeg.webp 1152w, https:\/\/www.haciendacavanilles.com\/wp-content\/uploads\/2025\/04\/WhatsApp-Image-2025-03-18-at-17.23.35-2-9x12.jpeg.webp 9w, https:\/\/www.haciendacavanilles.com\/wp-content\/uploads\/2025\/04\/WhatsApp-Image-2025-03-18-at-17.23.35-2.jpeg.webp 1200w\" sizes=\"(max-width: 768px) 100vw, 768px\" \/>\t\t\t\t\t\t\t\t\t\t\t\t\t\t\t<\/div>\n\t\t\t\t<\/div>\n\t\t\t\t\t<\/div>\n\t\t<\/div>\n\t\t\t\t<div class=\"elementor-column elementor-col-50 elementor-top-column elementor-element elementor-element-3f02b7f1\" data-id=\"3f02b7f1\" data-element_type=\"column\" data-e-type=\"column\">\n\t\t\t<div class=\"elementor-widget-wrap elementor-element-populated\">\n\t\t\t\t\t\t<div class=\"elementor-element elementor-element-39493834 elementor-widget elementor-widget-heading\" data-id=\"39493834\" data-element_type=\"widget\" data-e-type=\"widget\" data-widget_type=\"heading.default\">\n\t\t\t\t<div class=\"elementor-widget-container\">\n\t\t\t\t\t<h2 class=\"elementor-heading-title elementor-size-default\">A legacy with history<\/h2>\t\t\t\t<\/div>\n\t\t\t\t<\/div>\n\t\t\t\t<div class=\"elementor-element elementor-element-1ff69468 elementor-widget elementor-widget-text-editor\" data-id=\"1ff69468\" data-element_type=\"widget\" data-e-type=\"widget\" data-widget_type=\"text-editor.default\">\n\t\t\t\t<div class=\"elementor-widget-container\">\n\t\t\t\t\t\t\t\t\t<p class=\"p1\">The Hacienda Cavanilles estate stands out not only for its privileged natural setting but also for its rich history. Its main building, located in Torn\u00f3n (Villaviciosa), bears witness to more than a century of history linked to prominent Asturian families.\u00a0<\/p><p class=\"p1\">This stately home, with a distinctly eclectic style, has been carefully preserved to keep its original essence alive.<\/p>\t\t\t\t\t\t\t\t<\/div>\n\t\t\t\t<\/div>\n\t\t\t\t\t<\/div>\n\t\t<\/div>\n\t\t\t\t\t<\/div>\n\t\t<\/section>\n\t\t\t\t<section class=\"elementor-section elementor-top-section elementor-element elementor-element-72823c1e elementor-section-boxed elementor-section-height-default elementor-section-height-default\" data-id=\"72823c1e\" data-element_type=\"section\" data-e-type=\"section\" data-settings=\"{&quot;background_background&quot;:&quot;classic&quot;}\">\n\t\t\t\t\t\t<div class=\"elementor-container elementor-column-gap-default\">\n\t\t\t\t\t<div class=\"elementor-column elementor-col-100 elementor-top-column elementor-element elementor-element-741cb5ee\" data-id=\"741cb5ee\" data-element_type=\"column\" data-e-type=\"column\">\n\t\t\t<div class=\"elementor-widget-wrap elementor-element-populated\">\n\t\t\t\t\t\t<div class=\"elementor-element elementor-element-69fed755 elementor-widget elementor-widget-heading\" data-id=\"69fed755\" data-element_type=\"widget\" data-e-type=\"widget\" data-widget_type=\"heading.default\">\n\t\t\t\t<div class=\"elementor-widget-container\">\n\t\t\t\t\t<h2 class=\"elementor-heading-title elementor-size-default\">Origins of the Hacienda Cavanilles<\/h2>\t\t\t\t<\/div>\n\t\t\t\t<\/div>\n\t\t\t\t<div class=\"elementor-element elementor-element-09f473f elementor-widget elementor-widget-text-editor\" data-id=\"09f473f\" data-element_type=\"widget\" data-e-type=\"widget\" data-widget_type=\"text-editor.default\">\n\t\t\t\t<div class=\"elementor-widget-container\">\n\t\t\t\t\t\t\t\t\t<p style=\"font-weight: 400;\">The building is located on the N-632 as it passes through Torn\u00f3n (Villaviciosa). The house and the adjoining &quot;porreo&quot; (land reclaimed from the estuary by filling it with earth until it became firm enough for cultivation) belonged to Don Benito Cavanilles y Pe\u00f3n, married to Elvira Batalla D\u00edaz, son of Antonio Cavanilles y Federici and Mar\u00eda de la Concepci\u00f3n de Pe\u00f3n and Benaldo de Quir\u00f3s.<\/p><p style=\"font-weight: 400;\">The Cavanilles family, a wealthy local family, renovated the house around 1917, giving it its current eclectic style. It consists of two floors, with a portico on the lower floor and a wooden gallery on the upper. The tower combines lintel and arched spaces highly decorated with moldings and garlands. Don Benito later sold the house to Don Rafael Venta, an Indian from Mexico. Upon his death, his widow, Do\u00f1a Magdalena, lived in the house until she decided to return to Mexico with her family. Ownership passed to Don Juan Jos\u00e9 Venta, and after his death, to his heirs, who transferred it to the development company.<\/p><p style=\"font-weight: 400;\">Regarding its architectural features, it is a detached building, with two floors and an attic, and a tower body with another floor (at the attic level). Structurally, it is made up of three structural modules. The largest houses most of the residential program, the second forms the tower that adjoins the road, and the third, more open, would be the former gallery that opens at midday (now demolished).<\/p><p style=\"font-weight: 400;\">The roof&#039;s gutters rest on beams, trusses, and gables that support the rafters. The floors of the first floor and attic are made of wood. The building was used as a single-family home on all floors.<\/p>\t\t\t\t\t\t\t\t<\/div>\n\t\t\t\t<\/div>\n\t\t\t\t\t<\/div>\n\t\t<\/div>\n\t\t\t\t\t<\/div>\n\t\t<\/section>\n\t\t\t\t<\/div>","protected":false},"excerpt":{"rendered":"<p>Historia Un legado con historia La Hacienda Cavanilles no solo destaca por su entorno natural privilegiado, sino tambi\u00e9n por la riqueza de su pasado. Su edificio principal, ubicado en Torn\u00f3n (Villaviciosa), es testigo de m\u00e1s de un siglo de historia ligada a destacadas familias asturianas. Esta casa se\u00f1orial, con un marcado estilo ecl\u00e9ctico, ha sido [&hellip;]<\/p>\n","protected":false},"author":1,"featured_media":0,"parent":0,"menu_order":3,"comment_status":"closed","ping_status":"closed","template":"","meta":{"footnotes":""},"class_list":["post-643","page","type-page","status-publish","hentry"],"yoast_head":"<!-- This site is optimized with the Yoast SEO plugin v27.4 - https:\/\/yoast.com\/product\/yoast-seo-wordpress\/ -->\n<title>Historia - Hacienda Cavanilles<\/title>\n<meta name=\"description\" content=\"La historia centenaria de Hacienda Cavanilles, una casa se\u00f1orial asturiana que refleja la tradici\u00f3n, la arquitectura y la memoria de Torn\u00f3n.\" \/>\n<meta name=\"robots\" content=\"index, follow, max-snippet:-1, max-image-preview:large, max-video-preview:-1\" \/>\n<link rel=\"canonical\" href=\"https:\/\/www.haciendacavanilles.com\/en\/historia\/\" \/>\n<meta property=\"og:locale\" content=\"en_US\" \/>\n<meta property=\"og:type\" content=\"article\" \/>\n<meta property=\"og:title\" content=\"Historia - Hacienda Cavanilles\" \/>\n<meta property=\"og:description\" content=\"La historia centenaria de Hacienda Cavanilles, una casa se\u00f1orial asturiana que refleja la tradici\u00f3n, la arquitectura y la memoria de Torn\u00f3n.\" \/>\n<meta property=\"og:url\" content=\"https:\/\/www.haciendacavanilles.com\/en\/historia\/\" \/>\n<meta property=\"og:site_name\" content=\"Hacienda Cavanilles\" \/>\n<meta property=\"article:modified_time\" content=\"2025-04-08T08:22:55+00:00\" \/>\n<meta property=\"og:image\" content=\"https:\/\/www.haciendacavanilles.com\/wp-content\/uploads\/2025\/04\/WhatsApp-Image-2025-03-18-at-17.23.35-2-768x1024.jpeg\" \/>\n<meta name=\"twitter:card\" content=\"summary_large_image\" \/>\n<script type=\"application\/ld+json\" class=\"yoast-schema-graph\">{\"@context\":\"https:\\\/\\\/schema.org\",\"@graph\":[{\"@type\":\"WebPage\",\"@id\":\"https:\\\/\\\/www.haciendacavanilles.com\\\/historia\\\/\",\"url\":\"https:\\\/\\\/www.haciendacavanilles.com\\\/historia\\\/\",\"name\":\"Historia - Hacienda Cavanilles\",\"isPartOf\":{\"@id\":\"https:\\\/\\\/www.haciendacavanilles.com\\\/#website\"},\"primaryImageOfPage\":{\"@id\":\"https:\\\/\\\/www.haciendacavanilles.com\\\/historia\\\/#primaryimage\"},\"image\":{\"@id\":\"https:\\\/\\\/www.haciendacavanilles.com\\\/historia\\\/#primaryimage\"},\"thumbnailUrl\":\"https:\\\/\\\/www.haciendacavanilles.com\\\/wp-content\\\/uploads\\\/2025\\\/04\\\/WhatsApp-Image-2025-03-18-at-17.23.35-2-768x1024.jpeg\",\"datePublished\":\"2025-04-08T08:13:19+00:00\",\"dateModified\":\"2025-04-08T08:22:55+00:00\",\"description\":\"La historia centenaria de Hacienda Cavanilles, una casa se\u00f1orial asturiana que refleja la tradici\u00f3n, la arquitectura y la memoria de Torn\u00f3n.\",\"breadcrumb\":{\"@id\":\"https:\\\/\\\/www.haciendacavanilles.com\\\/historia\\\/#breadcrumb\"},\"inLanguage\":\"en-US\",\"potentialAction\":[{\"@type\":\"ReadAction\",\"target\":[\"https:\\\/\\\/www.haciendacavanilles.com\\\/historia\\\/\"]}]},{\"@type\":\"ImageObject\",\"inLanguage\":\"en-US\",\"@id\":\"https:\\\/\\\/www.haciendacavanilles.com\\\/historia\\\/#primaryimage\",\"url\":\"https:\\\/\\\/www.haciendacavanilles.com\\\/wp-content\\\/uploads\\\/2025\\\/04\\\/WhatsApp-Image-2025-03-18-at-17.23.35-2-768x1024.jpeg\",\"contentUrl\":\"https:\\\/\\\/www.haciendacavanilles.com\\\/wp-content\\\/uploads\\\/2025\\\/04\\\/WhatsApp-Image-2025-03-18-at-17.23.35-2-768x1024.jpeg\"},{\"@type\":\"BreadcrumbList\",\"@id\":\"https:\\\/\\\/www.haciendacavanilles.com\\\/historia\\\/#breadcrumb\",\"itemListElement\":[{\"@type\":\"ListItem\",\"position\":1,\"name\":\"Inicio\",\"item\":\"https:\\\/\\\/www.haciendacavanilles.com\\\/\"},{\"@type\":\"ListItem\",\"position\":2,\"name\":\"Historia\"}]},{\"@type\":\"WebSite\",\"@id\":\"https:\\\/\\\/www.haciendacavanilles.com\\\/#website\",\"url\":\"https:\\\/\\\/www.haciendacavanilles.com\\\/\",\"name\":\"Hacienda Cavanilles\",\"description\":\"Historia y Naturaleza en Villaviciosa\",\"publisher\":{\"@id\":\"https:\\\/\\\/www.haciendacavanilles.com\\\/#organization\"},\"potentialAction\":[{\"@type\":\"SearchAction\",\"target\":{\"@type\":\"EntryPoint\",\"urlTemplate\":\"https:\\\/\\\/www.haciendacavanilles.com\\\/?s={search_term_string}\"},\"query-input\":{\"@type\":\"PropertyValueSpecification\",\"valueRequired\":true,\"valueName\":\"search_term_string\"}}],\"inLanguage\":\"en-US\"},{\"@type\":\"Organization\",\"@id\":\"https:\\\/\\\/www.haciendacavanilles.com\\\/#organization\",\"name\":\"Hacienda Cavanilles\",\"url\":\"https:\\\/\\\/www.haciendacavanilles.com\\\/\",\"logo\":{\"@type\":\"ImageObject\",\"inLanguage\":\"en-US\",\"@id\":\"https:\\\/\\\/www.haciendacavanilles.com\\\/#\\\/schema\\\/logo\\\/image\\\/\",\"url\":\"https:\\\/\\\/www.haciendacavanilles.com\\\/wp-content\\\/uploads\\\/2025\\\/03\\\/logo.png\",\"contentUrl\":\"https:\\\/\\\/www.haciendacavanilles.com\\\/wp-content\\\/uploads\\\/2025\\\/03\\\/logo.png\",\"width\":868,\"height\":453,\"caption\":\"Hacienda Cavanilles\"},\"image\":{\"@id\":\"https:\\\/\\\/www.haciendacavanilles.com\\\/#\\\/schema\\\/logo\\\/image\\\/\"}}]}<\/script>\n<!-- \/ Yoast SEO plugin. -->","yoast_head_json":{"title":"History - Hacienda Cavanilles","description":"The century-old history of Hacienda Cavanilles, an Asturian manor house that reflects the tradition, architecture, and memory of Torn\u00f3n.","robots":{"index":"index","follow":"follow","max-snippet":"max-snippet:-1","max-image-preview":"max-image-preview:large","max-video-preview":"max-video-preview:-1"},"canonical":"https:\/\/www.haciendacavanilles.com\/en\/historia\/","og_locale":"en_US","og_type":"article","og_title":"Historia - Hacienda Cavanilles","og_description":"La historia centenaria de Hacienda Cavanilles, una casa se\u00f1orial asturiana que refleja la tradici\u00f3n, la arquitectura y la memoria de Torn\u00f3n.","og_url":"https:\/\/www.haciendacavanilles.com\/en\/historia\/","og_site_name":"Hacienda Cavanilles","article_modified_time":"2025-04-08T08:22:55+00:00","og_image":[{"url":"https:\/\/www.haciendacavanilles.com\/wp-content\/uploads\/2025\/04\/WhatsApp-Image-2025-03-18-at-17.23.35-2-768x1024.jpeg","type":"","width":"","height":""}],"twitter_card":"summary_large_image","schema":{"@context":"https:\/\/schema.org","@graph":[{"@type":"WebPage","@id":"https:\/\/www.haciendacavanilles.com\/historia\/","url":"https:\/\/www.haciendacavanilles.com\/historia\/","name":"History - Hacienda Cavanilles","isPartOf":{"@id":"https:\/\/www.haciendacavanilles.com\/#website"},"primaryImageOfPage":{"@id":"https:\/\/www.haciendacavanilles.com\/historia\/#primaryimage"},"image":{"@id":"https:\/\/www.haciendacavanilles.com\/historia\/#primaryimage"},"thumbnailUrl":"https:\/\/www.haciendacavanilles.com\/wp-content\/uploads\/2025\/04\/WhatsApp-Image-2025-03-18-at-17.23.35-2-768x1024.jpeg","datePublished":"2025-04-08T08:13:19+00:00","dateModified":"2025-04-08T08:22:55+00:00","description":"The century-old history of Hacienda Cavanilles, an Asturian manor house that reflects the tradition, architecture, and memory of Torn\u00f3n.","breadcrumb":{"@id":"https:\/\/www.haciendacavanilles.com\/historia\/#breadcrumb"},"inLanguage":"en-US","potentialAction":[{"@type":"ReadAction","target":["https:\/\/www.haciendacavanilles.com\/historia\/"]}]},{"@type":"ImageObject","inLanguage":"en-US","@id":"https:\/\/www.haciendacavanilles.com\/historia\/#primaryimage","url":"https:\/\/www.haciendacavanilles.com\/wp-content\/uploads\/2025\/04\/WhatsApp-Image-2025-03-18-at-17.23.35-2-768x1024.jpeg","contentUrl":"https:\/\/www.haciendacavanilles.com\/wp-content\/uploads\/2025\/04\/WhatsApp-Image-2025-03-18-at-17.23.35-2-768x1024.jpeg"},{"@type":"BreadcrumbList","@id":"https:\/\/www.haciendacavanilles.com\/historia\/#breadcrumb","itemListElement":[{"@type":"ListItem","position":1,"name":"Inicio","item":"https:\/\/www.haciendacavanilles.com\/"},{"@type":"ListItem","position":2,"name":"Historia"}]},{"@type":"WebSite","@id":"https:\/\/www.haciendacavanilles.com\/#website","url":"https:\/\/www.haciendacavanilles.com\/","name":"Hacienda Cavanilles","description":"History and Nature in Villaviciosa","publisher":{"@id":"https:\/\/www.haciendacavanilles.com\/#organization"},"potentialAction":[{"@type":"SearchAction","target":{"@type":"EntryPoint","urlTemplate":"https:\/\/www.haciendacavanilles.com\/?s={search_term_string}"},"query-input":{"@type":"PropertyValueSpecification","valueRequired":true,"valueName":"search_term_string"}}],"inLanguage":"en-US"},{"@type":"Organization","@id":"https:\/\/www.haciendacavanilles.com\/#organization","name":"Hacienda Cavanilles","url":"https:\/\/www.haciendacavanilles.com\/","logo":{"@type":"ImageObject","inLanguage":"en-US","@id":"https:\/\/www.haciendacavanilles.com\/#\/schema\/logo\/image\/","url":"https:\/\/www.haciendacavanilles.com\/wp-content\/uploads\/2025\/03\/logo.png","contentUrl":"https:\/\/www.haciendacavanilles.com\/wp-content\/uploads\/2025\/03\/logo.png","width":868,"height":453,"caption":"Hacienda Cavanilles"},"image":{"@id":"https:\/\/www.haciendacavanilles.com\/#\/schema\/logo\/image\/"}}]}},"_links":{"self":[{"href":"https:\/\/www.haciendacavanilles.com\/en\/wp-json\/wp\/v2\/pages\/643","targetHints":{"allow":["GET"]}}],"collection":[{"href":"https:\/\/www.haciendacavanilles.com\/en\/wp-json\/wp\/v2\/pages"}],"about":[{"href":"https:\/\/www.haciendacavanilles.com\/en\/wp-json\/wp\/v2\/types\/page"}],"author":[{"embeddable":true,"href":"https:\/\/www.haciendacavanilles.com\/en\/wp-json\/wp\/v2\/users\/1"}],"replies":[{"embeddable":true,"href":"https:\/\/www.haciendacavanilles.com\/en\/wp-json\/wp\/v2\/comments?post=643"}],"version-history":[{"count":6,"href":"https:\/\/www.haciendacavanilles.com\/en\/wp-json\/wp\/v2\/pages\/643\/revisions"}],"predecessor-version":[{"id":658,"href":"https:\/\/www.haciendacavanilles.com\/en\/wp-json\/wp\/v2\/pages\/643\/revisions\/658"}],"wp:attachment":[{"href":"https:\/\/www.haciendacavanilles.com\/en\/wp-json\/wp\/v2\/media?parent=643"}],"curies":[{"name":"wp","href":"https:\/\/api.w.org\/{rel}","templated":true}]}}