{"id":569,"date":"2025-03-19T08:39:12","date_gmt":"2025-03-19T07:39:12","guid":{"rendered":"https:\/\/www.haciendacavanilles.com\/?page_id=569"},"modified":"2025-03-19T08:47:01","modified_gmt":"2025-03-19T07:47:01","slug":"contacto","status":"publish","type":"page","link":"https:\/\/www.haciendacavanilles.com\/en\/contacto\/","title":{"rendered":"Contact"},"content":{"rendered":"<div data-elementor-type=\"wp-page\" data-elementor-id=\"569\" class=\"elementor elementor-569\" data-elementor-post-type=\"page\">\n\t\t\t\t\t\t<section class=\"elementor-section elementor-top-section elementor-element elementor-element-68211cb elementor-section-height-min-height elementor-section-boxed elementor-section-height-default elementor-section-items-middle\" data-id=\"68211cb\" data-element_type=\"section\" data-e-type=\"section\" data-settings=\"{&quot;background_background&quot;:&quot;classic&quot;}\">\n\t\t\t\t\t\t\t<div class=\"elementor-background-overlay\"><\/div>\n\t\t\t\t\t\t\t<div class=\"elementor-container elementor-column-gap-default\">\n\t\t\t\t\t<div class=\"elementor-column elementor-col-100 elementor-top-column elementor-element elementor-element-a9de876\" data-id=\"a9de876\" data-element_type=\"column\" data-e-type=\"column\">\n\t\t\t<div class=\"elementor-widget-wrap elementor-element-populated\">\n\t\t\t\t\t\t<div class=\"elementor-element elementor-element-c4040ae elementor-widget elementor-widget-heading\" data-id=\"c4040ae\" data-element_type=\"widget\" data-e-type=\"widget\" data-widget_type=\"heading.default\">\n\t\t\t\t<div class=\"elementor-widget-container\">\n\t\t\t\t\t<h1 class=\"elementor-heading-title elementor-size-default\">Contact<\/h1>\t\t\t\t<\/div>\n\t\t\t\t<\/div>\n\t\t\t\t\t<\/div>\n\t\t<\/div>\n\t\t\t\t\t<\/div>\n\t\t<\/section>\n\t\t\t\t<section class=\"elementor-section elementor-top-section elementor-element elementor-element-789c8876 elementor-section-boxed elementor-section-height-default elementor-section-height-default\" data-id=\"789c8876\" data-element_type=\"section\" data-e-type=\"section\" data-settings=\"{&quot;background_background&quot;:&quot;classic&quot;}\">\n\t\t\t\t\t\t<div class=\"elementor-container elementor-column-gap-no\">\n\t\t\t\t\t<div class=\"elementor-column elementor-col-50 elementor-top-column elementor-element elementor-element-7938e52a\" data-id=\"7938e52a\" data-element_type=\"column\" data-e-type=\"column\" data-settings=\"{&quot;background_background&quot;:&quot;classic&quot;}\">\n\t\t\t<div class=\"elementor-widget-wrap elementor-element-populated\">\n\t\t\t\t\t\t<div class=\"elementor-element elementor-element-1afcf9e6 elementor-widget elementor-widget-heading\" data-id=\"1afcf9e6\" data-element_type=\"widget\" data-e-type=\"widget\" data-widget_type=\"heading.default\">\n\t\t\t\t<div class=\"elementor-widget-container\">\n\t\t\t\t\t<h2 class=\"elementor-heading-title elementor-size-default\">Send a message<\/h2>\t\t\t\t<\/div>\n\t\t\t\t<\/div>\n\t\t\t\t<div class=\"elementor-element elementor-element-392d595c uael-cf7-btn-size-md uael-cf7-style-box uael-cf7-input-size-sm uael-cf7-button-left uael-cf7-highlight-style-default elementor-widget elementor-widget-uael-cf7-styler\" data-id=\"392d595c\" data-element_type=\"widget\" data-e-type=\"widget\" data-widget_type=\"uael-cf7-styler.default\">\n\t\t\t\t<div class=\"elementor-widget-container\">\n\t\t\t\t\t\t\t\t\t<div class = \"uael-cf7-container\">\n\t\t\t\t\t\t<div class = \"uael-cf7 uael-cf7-style elementor-clickable\">\n\t\t\t\t\t\t\n<div class=\"wpcf7 no-js\" id=\"wpcf7-f5-o1\" lang=\"es-ES\" dir=\"ltr\" data-wpcf7-id=\"5\">\n<div class=\"screen-reader-response\"><p role=\"status\" aria-live=\"polite\" aria-atomic=\"true\"><\/p> <ul><\/ul><\/div>\n<form action=\"\/en\/wp-json\/wp\/v2\/pages\/569#wpcf7-f5-o1\" method=\"post\" class=\"wpcf7-form init\" aria-label=\"Contact form\" novalidate=\"novalidate\" data-status=\"init\" data-trp-original-action=\"\/en\/wp-json\/wp\/v2\/pages\/569#wpcf7-f5-o1\">\n<fieldset class=\"hidden-fields-container\"><input type=\"hidden\" name=\"_wpcf7\" value=\"5\" \/><input type=\"hidden\" name=\"_wpcf7_version\" value=\"6.1.5\" \/><input type=\"hidden\" name=\"_wpcf7_locale\" value=\"es_ES\" \/><input type=\"hidden\" name=\"_wpcf7_unit_tag\" value=\"wpcf7-f5-o1\" \/><input type=\"hidden\" name=\"_wpcf7_container_post\" value=\"0\" \/><input type=\"hidden\" name=\"_wpcf7_posted_data_hash\" value=\"\" \/>\n<\/fieldset>\n<p><label for=\"your-name\">Your name<\/label>\n<\/p>\n<p><span class=\"wpcf7-form-control-wrap\" data-name=\"your-name\"><input size=\"40\" maxlength=\"400\" class=\"wpcf7-form-control wpcf7-text wpcf7-validates-as-required\" id=\"your-name\" aria-required=\"true\" aria-invalid=\"false\" value=\"\" type=\"text\" name=\"your-name\" \/><\/span>\n<\/p>\n<p><label for=\"your-email\">Your email<\/label>\n<\/p>\n<p><span class=\"wpcf7-form-control-wrap\" data-name=\"your-email\"><input size=\"40\" maxlength=\"400\" class=\"wpcf7-form-control wpcf7-email wpcf7-validates-as-required wpcf7-text wpcf7-validates-as-email\" id=\"your-email\" aria-required=\"true\" aria-invalid=\"false\" value=\"\" type=\"email\" name=\"your-email\" \/><\/span>\n<\/p>\n<p><label for=\"your-subject\">Affair<\/label>\n<\/p>\n<p><span class=\"wpcf7-form-control-wrap\" data-name=\"your-subject\"><input size=\"40\" maxlength=\"400\" class=\"wpcf7-form-control wpcf7-text wpcf7-validates-as-required\" id=\"your-subject\" aria-required=\"true\" aria-invalid=\"false\" value=\"\" type=\"text\" name=\"your-subject\" \/><\/span>\n<\/p>\n<p><span id=\"email-campo-w\" class=\"wpcf7-form-control-wrap email-campo-wrap\" style=\"display:none !important; visibility:hidden !important;\"><label for=\"email-campo\" class=\"hp-message\">Please leave this field empty.<\/label><input id=\"email-campo\"  class=\"wpcf7-form-control wpcf7-text email-campo\" type=\"text\" name=\"email-campo\" value=\"\" size=\"40\" tabindex=\"-1\" autocomplete=\"new-password\" \/><\/span><span id=\"website-campo-w\" class=\"wpcf7-form-control-wrap website-campo-wrap\" style=\"display:none !important; visibility:hidden !important;\"><label for=\"website-campo\" class=\"hp-message\">Please leave this field empty.<\/label><input id=\"website-campo\"  class=\"wpcf7-form-control wpcf7-text website-campo\" type=\"text\" name=\"website-campo\" value=\"\" size=\"40\" tabindex=\"-1\" autocomplete=\"new-password\" \/><\/span>\n<\/p>\n<p><label for=\"your-message\">Your message<\/label>\n<\/p>\n<p><span class=\"wpcf7-form-control-wrap\" data-name=\"your-message\"><textarea cols=\"40\" rows=\"10\" maxlength=\"2000\" class=\"wpcf7-form-control wpcf7-textarea wpcf7-validates-as-required\" id=\"your-message\" aria-required=\"true\" aria-invalid=\"false\" name=\"your-message\"><\/textarea><\/span>\n<\/p>\n<p><span class=\"wpcf7-form-control-wrap\" data-name=\"acceptance-RGPD\"><span class=\"wpcf7-form-control wpcf7-acceptance\"><span class=\"wpcf7-list-item\"><label><input type=\"checkbox\" name=\"acceptance-RGPD\" value=\"1\" aria-invalid=\"false\" \/><span class=\"wpcf7-list-item-label\">I have read and accept the <a href=\"..\/politica-de-privacidad\/\">Privacy Policy<\/a><\/span><\/label><\/span><\/span><\/span>\n<\/p>\n<p><input class=\"wpcf7-form-control wpcf7-submit has-spinner\" type=\"submit\" value=\"Send\" \/>\n<\/p>\n<div class=\"wpcf7-response-output\" aria-hidden=\"true\"><\/div>\n<input type=\"hidden\" name=\"trp-form-language\" value=\"en\"\/><\/form>\n<\/div>\n\t\t\t\t\t<\/div>\n\t\t\t\t<\/div>\n\t\t\t\t\t\t\t\t<\/div>\n\t\t\t\t<\/div>\n\t\t\t\t\t<\/div>\n\t\t<\/div>\n\t\t\t\t<div class=\"elementor-column elementor-col-50 elementor-top-column elementor-element elementor-element-16ff5962\" data-id=\"16ff5962\" data-element_type=\"column\" data-e-type=\"column\" data-settings=\"{&quot;background_background&quot;:&quot;classic&quot;}\">\n\t\t\t<div class=\"elementor-widget-wrap elementor-element-populated\">\n\t\t\t\t\t\t<div class=\"elementor-element elementor-element-5ec9914 elementor-widget elementor-widget-theme-site-logo elementor-widget-image\" data-id=\"5ec9914\" data-element_type=\"widget\" data-e-type=\"widget\" data-widget_type=\"theme-site-logo.default\">\n\t\t\t\t<div class=\"elementor-widget-container\">\n\t\t\t\t\t\t\t\t\t\t\t<a href=\"https:\/\/www.haciendacavanilles.com\/en\">\n\t\t\t<img fetchpriority=\"high\" decoding=\"async\" width=\"868\" height=\"453\" src=\"https:\/\/www.haciendacavanilles.com\/wp-content\/uploads\/2025\/03\/logo.png\" class=\"attachment-full size-full wp-image-439\" alt=\"Hacienda Cavanilles\" srcset=\"https:\/\/www.haciendacavanilles.com\/wp-content\/uploads\/2025\/03\/logo.png 868w, https:\/\/www.haciendacavanilles.com\/wp-content\/uploads\/2025\/03\/logo-300x157.png 300w, https:\/\/www.haciendacavanilles.com\/wp-content\/uploads\/2025\/03\/logo-768x401.png 768w, https:\/\/www.haciendacavanilles.com\/wp-content\/uploads\/2025\/03\/logo-18x9.png 18w\" sizes=\"(max-width: 868px) 100vw, 868px\" \/>\t\t\t\t<\/a>\n\t\t\t\t\t\t\t\t\t\t\t<\/div>\n\t\t\t\t<\/div>\n\t\t\t\t\t<\/div>\n\t\t<\/div>\n\t\t\t\t\t<\/div>\n\t\t<\/section>\n\t\t\t\t<\/div>","protected":false},"excerpt":{"rendered":"<p>Contacto Env\u00eda un mensaje Tu nombre Tu correo electr\u00f3nico Asunto Por favor, deja este campo vac\u00edo.Por favor, deja este campo vac\u00edo. Tu mensaje He le\u00eddo y acepto la pol\u00edtica de privacidad<\/p>","protected":false},"author":1,"featured_media":0,"parent":0,"menu_order":1,"comment_status":"closed","ping_status":"closed","template":"","meta":{"footnotes":""},"class_list":["post-569","page","type-page","status-publish","hentry"],"yoast_head":"<!-- This site is optimized with the Yoast SEO plugin v27.4 - https:\/\/yoast.com\/product\/yoast-seo-wordpress\/ -->\n<title>Contacto - Hacienda Cavanilles<\/title>\n<meta name=\"description\" content=\"Estamos aqu\u00ed para ayudarte, resuelve cualquier duda enviando un mensaje a trav\u00e9s del formulario.\" \/>\n<meta name=\"robots\" content=\"index, follow, max-snippet:-1, max-image-preview:large, max-video-preview:-1\" \/>\n<link rel=\"canonical\" href=\"https:\/\/www.haciendacavanilles.com\/en\/contacto\/\" \/>\n<meta property=\"og:locale\" content=\"en_US\" \/>\n<meta property=\"og:type\" content=\"article\" \/>\n<meta property=\"og:title\" content=\"Contacto - Hacienda Cavanilles\" \/>\n<meta property=\"og:description\" content=\"Estamos aqu\u00ed para ayudarte, resuelve cualquier duda enviando un mensaje a trav\u00e9s del formulario.\" \/>\n<meta property=\"og:url\" content=\"https:\/\/www.haciendacavanilles.com\/en\/contacto\/\" \/>\n<meta property=\"og:site_name\" content=\"Hacienda Cavanilles\" \/>\n<meta property=\"article:modified_time\" content=\"2025-03-19T07:47:01+00:00\" \/>\n<meta property=\"og:image\" content=\"https:\/\/www.haciendacavanilles.com\/wp-content\/uploads\/2025\/03\/logo.png\" \/>\n\t<meta property=\"og:image:width\" content=\"868\" \/>\n\t<meta property=\"og:image:height\" content=\"453\" \/>\n\t<meta property=\"og:image:type\" content=\"image\/png\" \/>\n<meta name=\"twitter:card\" content=\"summary_large_image\" \/>\n<script type=\"application\/ld+json\" class=\"yoast-schema-graph\">{\"@context\":\"https:\\\/\\\/schema.org\",\"@graph\":[{\"@type\":\"WebPage\",\"@id\":\"https:\\\/\\\/www.haciendacavanilles.com\\\/contacto\\\/\",\"url\":\"https:\\\/\\\/www.haciendacavanilles.com\\\/contacto\\\/\",\"name\":\"Contacto - Hacienda Cavanilles\",\"isPartOf\":{\"@id\":\"https:\\\/\\\/www.haciendacavanilles.com\\\/#website\"},\"datePublished\":\"2025-03-19T07:39:12+00:00\",\"dateModified\":\"2025-03-19T07:47:01+00:00\",\"description\":\"Estamos aqu\u00ed para ayudarte, resuelve cualquier duda enviando un mensaje a trav\u00e9s del formulario.\",\"breadcrumb\":{\"@id\":\"https:\\\/\\\/www.haciendacavanilles.com\\\/contacto\\\/#breadcrumb\"},\"inLanguage\":\"en-US\",\"potentialAction\":[{\"@type\":\"ReadAction\",\"target\":[\"https:\\\/\\\/www.haciendacavanilles.com\\\/contacto\\\/\"]}]},{\"@type\":\"BreadcrumbList\",\"@id\":\"https:\\\/\\\/www.haciendacavanilles.com\\\/contacto\\\/#breadcrumb\",\"itemListElement\":[{\"@type\":\"ListItem\",\"position\":1,\"name\":\"Inicio\",\"item\":\"https:\\\/\\\/www.haciendacavanilles.com\\\/\"},{\"@type\":\"ListItem\",\"position\":2,\"name\":\"Contacto\"}]},{\"@type\":\"WebSite\",\"@id\":\"https:\\\/\\\/www.haciendacavanilles.com\\\/#website\",\"url\":\"https:\\\/\\\/www.haciendacavanilles.com\\\/\",\"name\":\"Hacienda Cavanilles\",\"description\":\"Historia y Naturaleza en Villaviciosa\",\"publisher\":{\"@id\":\"https:\\\/\\\/www.haciendacavanilles.com\\\/#organization\"},\"potentialAction\":[{\"@type\":\"SearchAction\",\"target\":{\"@type\":\"EntryPoint\",\"urlTemplate\":\"https:\\\/\\\/www.haciendacavanilles.com\\\/?s={search_term_string}\"},\"query-input\":{\"@type\":\"PropertyValueSpecification\",\"valueRequired\":true,\"valueName\":\"search_term_string\"}}],\"inLanguage\":\"en-US\"},{\"@type\":\"Organization\",\"@id\":\"https:\\\/\\\/www.haciendacavanilles.com\\\/#organization\",\"name\":\"Hacienda Cavanilles\",\"url\":\"https:\\\/\\\/www.haciendacavanilles.com\\\/\",\"logo\":{\"@type\":\"ImageObject\",\"inLanguage\":\"en-US\",\"@id\":\"https:\\\/\\\/www.haciendacavanilles.com\\\/#\\\/schema\\\/logo\\\/image\\\/\",\"url\":\"https:\\\/\\\/www.haciendacavanilles.com\\\/wp-content\\\/uploads\\\/2025\\\/03\\\/logo.png\",\"contentUrl\":\"https:\\\/\\\/www.haciendacavanilles.com\\\/wp-content\\\/uploads\\\/2025\\\/03\\\/logo.png\",\"width\":868,\"height\":453,\"caption\":\"Hacienda Cavanilles\"},\"image\":{\"@id\":\"https:\\\/\\\/www.haciendacavanilles.com\\\/#\\\/schema\\\/logo\\\/image\\\/\"}}]}<\/script>\n<!-- \/ Yoast SEO plugin. -->","yoast_head_json":{"title":"Contact - Hacienda Cavanilles","description":"We&#039;re here to help. Resolve any questions by sending a message using the form.","robots":{"index":"index","follow":"follow","max-snippet":"max-snippet:-1","max-image-preview":"max-image-preview:large","max-video-preview":"max-video-preview:-1"},"canonical":"https:\/\/www.haciendacavanilles.com\/en\/contacto\/","og_locale":"en_US","og_type":"article","og_title":"Contacto - Hacienda Cavanilles","og_description":"Estamos aqu\u00ed para ayudarte, resuelve cualquier duda enviando un mensaje a trav\u00e9s del formulario.","og_url":"https:\/\/www.haciendacavanilles.com\/en\/contacto\/","og_site_name":"Hacienda Cavanilles","article_modified_time":"2025-03-19T07:47:01+00:00","og_image":[{"width":868,"height":453,"url":"https:\/\/www.haciendacavanilles.com\/wp-content\/uploads\/2025\/03\/logo.png","type":"image\/png"}],"twitter_card":"summary_large_image","schema":{"@context":"https:\/\/schema.org","@graph":[{"@type":"WebPage","@id":"https:\/\/www.haciendacavanilles.com\/contacto\/","url":"https:\/\/www.haciendacavanilles.com\/contacto\/","name":"Contact - Hacienda Cavanilles","isPartOf":{"@id":"https:\/\/www.haciendacavanilles.com\/#website"},"datePublished":"2025-03-19T07:39:12+00:00","dateModified":"2025-03-19T07:47:01+00:00","description":"We&#039;re here to help. Resolve any questions by sending a message using the form.","breadcrumb":{"@id":"https:\/\/www.haciendacavanilles.com\/contacto\/#breadcrumb"},"inLanguage":"en-US","potentialAction":[{"@type":"ReadAction","target":["https:\/\/www.haciendacavanilles.com\/contacto\/"]}]},{"@type":"BreadcrumbList","@id":"https:\/\/www.haciendacavanilles.com\/contacto\/#breadcrumb","itemListElement":[{"@type":"ListItem","position":1,"name":"Inicio","item":"https:\/\/www.haciendacavanilles.com\/"},{"@type":"ListItem","position":2,"name":"Contacto"}]},{"@type":"WebSite","@id":"https:\/\/www.haciendacavanilles.com\/#website","url":"https:\/\/www.haciendacavanilles.com\/","name":"Hacienda Cavanilles","description":"History and Nature in Villaviciosa","publisher":{"@id":"https:\/\/www.haciendacavanilles.com\/#organization"},"potentialAction":[{"@type":"SearchAction","target":{"@type":"EntryPoint","urlTemplate":"https:\/\/www.haciendacavanilles.com\/?s={search_term_string}"},"query-input":{"@type":"PropertyValueSpecification","valueRequired":true,"valueName":"search_term_string"}}],"inLanguage":"en-US"},{"@type":"Organization","@id":"https:\/\/www.haciendacavanilles.com\/#organization","name":"Hacienda Cavanilles","url":"https:\/\/www.haciendacavanilles.com\/","logo":{"@type":"ImageObject","inLanguage":"en-US","@id":"https:\/\/www.haciendacavanilles.com\/#\/schema\/logo\/image\/","url":"https:\/\/www.haciendacavanilles.com\/wp-content\/uploads\/2025\/03\/logo.png","contentUrl":"https:\/\/www.haciendacavanilles.com\/wp-content\/uploads\/2025\/03\/logo.png","width":868,"height":453,"caption":"Hacienda Cavanilles"},"image":{"@id":"https:\/\/www.haciendacavanilles.com\/#\/schema\/logo\/image\/"}}]}},"_links":{"self":[{"href":"https:\/\/www.haciendacavanilles.com\/en\/wp-json\/wp\/v2\/pages\/569","targetHints":{"allow":["GET"]}}],"collection":[{"href":"https:\/\/www.haciendacavanilles.com\/en\/wp-json\/wp\/v2\/pages"}],"about":[{"href":"https:\/\/www.haciendacavanilles.com\/en\/wp-json\/wp\/v2\/types\/page"}],"author":[{"embeddable":true,"href":"https:\/\/www.haciendacavanilles.com\/en\/wp-json\/wp\/v2\/users\/1"}],"replies":[{"embeddable":true,"href":"https:\/\/www.haciendacavanilles.com\/en\/wp-json\/wp\/v2\/comments?post=569"}],"version-history":[{"count":23,"href":"https:\/\/www.haciendacavanilles.com\/en\/wp-json\/wp\/v2\/pages\/569\/revisions"}],"predecessor-version":[{"id":600,"href":"https:\/\/www.haciendacavanilles.com\/en\/wp-json\/wp\/v2\/pages\/569\/revisions\/600"}],"wp:attachment":[{"href":"https:\/\/www.haciendacavanilles.com\/en\/wp-json\/wp\/v2\/media?parent=569"}],"curies":[{"name":"wp","href":"https:\/\/api.w.org\/{rel}","templated":true}]}}